{"id":3040,"date":"2019-04-04T19:41:27","date_gmt":"2019-04-04T17:41:27","guid":{"rendered":"http:\/\/intense.network\/?page_id=3040"},"modified":"2022-05-05T00:00:28","modified_gmt":"2022-05-04T21:00:28","slug":"main-page-vi","status":"publish","type":"page","link":"http:\/\/intense.network\/vi\/","title":{"rendered":"Main Page [vi]"},"content":{"rendered":"<div class=\"wpb-content-wrapper\">[vc_row section_mode=&#8221;fluid&#8221; sectionoverlayopacity=&#8221;0.70&#8243; video_opacity_overlay=&#8221;0.70&#8243;][vc_column][rev_slider_vc alias=&#8221;home-full-screen&#8221;][\/vc_column][\/vc_row][vc_row padding=&#8221;default-padding&#8221;][vc_column width=&#8221;2\/3&#8243;][az_latest_posts post_columns_count=&#8221;3clm&#8221; post_number=&#8221;6&#8243;][az_buttons buttonlabel=&#8221;T\u1ea5t c\u1ea3 tin t\u1ee9c&#8221; buttonlink=&#8221;\/vi\/tin-tuc\/&#8221;][\/vc_column][vc_column width=&#8221;1\/3&#8243;][az_column_text]\n<h4 style=\"text-align: center;\"><strong>CH\u01af\u01a0NG TR\u00ccNH TI\u1ebeN S\u1ef8 T\u00cdCH H\u1ee2P V\u1ec0 CH\u00cdNH S\u00c1CH, C\u00d4NG NGH\u1ec6 V\u00c0 QU\u1ea2N L\u00dd M\u00d4I TR\u01af\u1edcNG<\/strong><\/h4>\n<h3 style=\"text-align: center;\">INTENSE<\/h3>\n<h3 style=\"text-align: center;\">586471-EPP-1-2017-1-EE-EPPKA2-CBHE-JP<\/h3>\n<p style=\"text-align: justify;\">Ch\u01b0\u01a1ng tr\u00ecnh h\u01b0\u1edbng \u0111\u1ebfn gi\u1ea3i quy\u1ebft c\u00e1c v\u1ea5n \u0111\u1ec1 m\u00f4i tr\u01b0\u1eddng t\u1ea1i M\u00f4ng c\u1ed5, Ukraina v\u00e0 Vi\u1ec7t Nam, do c\u00e1c v\u1ea5n \u0111\u1ec1 v\u1ec1 ch\u00ednh s\u00e1ch, qu\u1ea3n l\u00fd v\u00e0 do thi\u1ebfu c\u00e1c c\u00f4ng ngh\u1ec7 ph\u00f9 h\u1ee3p, b\u1eb1ng c\u00e1ch x\u00e2y d\u1ef1ng n\u0103ng l\u1ef1c trong ch\u01b0\u01a1ng tr\u00ecnh \u0111\u00e0o t\u1ea1o ti\u1ebfn s\u0129 t\u1ea1i c\u00e1c \u0111\u01a1n v\u1ecb th\u00e0nh vi\u00ean\u00a0 c\u0169ng nh\u01b0 c\u00e1c \u0111\u00f3ng g\u00f3p th\u00eam n\u1eefa.<\/p>\n[\/az_column_text][az_divider][az_special_heading heading_type=&#8221;3&#8243; heading_align=&#8221;textaligncenter&#8221; padding_bottom_heading=&#8221;0&#8243; content_heading=&#8221;Li\u00ean h\u1ec7&#8221;][az_blank_divider height_value=&#8221;10&#8243;][az_single_image image=&#8221;1816&#8243; image_alignment=&#8221;aligncenter&#8221;][az_box_icon icons_select=&#8221;boxed_version&#8221; icon_mode=&#8221;yes-icon&#8221; title=&#8221;&#8221;]\n<p style=\"text-align: left;\"><strong>Tr\u01b0\u1eddng \u0111\u1ea1i h\u1ecdc Khoa h\u1ecdc T\u1ef1 nhi\u00ean Estonia (EMU)<\/strong>, Tartu, Estonia<\/p>\n<p style=\"text-align: left;\">Ti\u1ebfn. Kalev SEPP, Gi\u00e1o s\u01b0<br \/>\n\u0110i\u1ec1u ph\u1ed1i vi\u00ean v\u00e0 qu\u1ea3n l\u00fd chung<\/p>\n<p style=\"text-align: left;\"><a href=\"mailto:kalev.sepp@emu.ee\">kalev.sepp@emu.ee<\/a><\/p>\n<p style=\"text-align: left;\">+372731 3777<\/p>\n[\/az_box_icon][\/vc_column][\/vc_row][vc_row section_mode=&#8221;fluid&#8221; no_margin_padding=&#8221;yes&#8221; sectionoverlayopacity=&#8221;0.70&#8243; video_opacity_overlay=&#8221;0.70&#8243;][vc_column width=&#8221;1\/3&#8243; bgmode=&#8221;custom-color&#8221; equals_col_height=&#8221;yes&#8221; animation_loading=&#8221;yes&#8221; custombgcolor=&#8221;#4763c6&#8243; animation_delay=&#8221;150&#8243;][az_column_text el_class=&#8221;white&#8221;]\n<h4>Annual\u00a0Meeting<\/h4>\n<p>INTENSE Annual\u00a0Meeting\u00a0will take place on\u00a021-23 March 2019 in Tartu, Estonia, on the premises of Estonian University of Life Science.<\/p>\n<p><a href=\"http:\/\/intense.network\/wp-content\/uploads\/2019\/03\/INTENSE_Annual_Meeting-agenda-15-March-2019.doc\" target=\"_blank\" rel=\"noopener\">Agenda<\/a> &#8211; draft version.[\/az_column_text][az_blank_divider height_value=&#8221;25&#8243;][az_buttons buttonlabel=&#8221;See More&#8221; buttonlink=&#8221;&#8221; target=&#8221;_blank&#8221; buttonsize=&#8221;button-medium&#8221; buttonalign=&#8221;textalignleft&#8221; buttoncolor=&#8221;custom&#8221; inverted=&#8221;yes&#8221; checkicon=&#8221;no_icon&#8221; icon=&#8221;font-icon-phone&#8221; custombuttoncolor=&#8221;#ffffff&#8221; custombuttontextcolor=&#8221;#ffffff&#8221; custombuttontexthovercolor=&#8221;#4763c6&#8243;][\/vc_column][vc_column width=&#8221;1\/3&#8243; bgmode=&#8221;custom-color&#8221; equals_col_height=&#8221;yes&#8221; animation_loading=&#8221;yes&#8221; custombgcolor=&#8221;#47acca&#8221; animation_delay=&#8221;250&#8243;][az_column_text el_class=&#8221;white&#8221;]\n<h4>ICT training in Tartu<\/h4>\n<p>The training on 20-24 May 2019 will be on the development of e-learning, e-science modules, MOOCs etc. Course participants will get in advance an assignment for the development of a course, and during the training session this will be completed.<\/p>\n<p>The course will be co-organised with the CBHE project <a href=\"http:\/\/sunraise.sfu-kras.ru\/\">SUNRAISE<\/a> and will be provided jointly by experts from the University of Bremen (Germany) and Tartu, and with the participation of SUNRAISE partner institutions from Bhutan, India etc.[\/az_column_text][az_blank_divider height_value=&#8221;25&#8243;][az_buttons buttonlabel=&#8221;See More&#8221; buttonlink=&#8221;&#8221; target=&#8221;_blank&#8221; buttonsize=&#8221;button-medium&#8221; buttonalign=&#8221;textalignleft&#8221; buttoncolor=&#8221;custom&#8221; inverted=&#8221;yes&#8221; checkicon=&#8221;no_icon&#8221; icon=&#8221;font-icon-phone&#8221; custombuttoncolor=&#8221;#ffffff&#8221; custombuttontextcolor=&#8221;#ffffff&#8221; custombuttontexthovercolor=&#8221;#47acca&#8221;][\/vc_column][vc_column width=&#8221;1\/3&#8243; bgmode=&#8221;custom-color&#8221; equals_col_height=&#8221;yes&#8221; animation_loading=&#8221;yes&#8221; custombgcolor=&#8221;#62d592&#8243; animation_delay=&#8221;350&#8243;][az_column_text el_class=&#8221;white&#8221;]\n<h4>The WIN! summer school on Water Innovations: Policy, Management, Research<\/h4>\n<p><a href=\"http:\/\/intense.network\/wp-content\/uploads\/2019\/03\/2019_Summer-School-Program_mar11_2019.pdf\">The 3rd INTENSE summer school<\/a> to be held in Tartu (Estonia) on 12-23 August 2019 will be a vibrant mixture of interactive sessions, field trips, and group work in a unique setting, designed to give participants hands-on project and research experience with a range of water, wetland and littoral ecosystems and their sustainable use, and with a focus on novel and innovative approaches and methodologies.\u00a0All 30 participants will be students or young experts, therefore we would like everyone to have a memorable time with us in Estonia![\/az_column_text][az_blank_divider height_value=&#8221;25&#8243;][az_buttons buttonlabel=&#8221;See More&#8221; buttonlink=&#8221;http:\/\/conference.emu.ee\/summerschools\/win\/&#8221; buttonsize=&#8221;button-medium&#8221; buttonalign=&#8221;textalignleft&#8221; buttoncolor=&#8221;custom&#8221; inverted=&#8221;yes&#8221; checkicon=&#8221;no_icon&#8221; icon=&#8221;font-icon-phone&#8221; custombuttoncolor=&#8221;#ffffff&#8221; custombuttontextcolor=&#8221;#ffffff&#8221; custombuttontexthovercolor=&#8221;#62d592&#8243;][\/vc_column][\/vc_row][vc_row padding=&#8221;default-padding&#8221; sectionoverlayopacity=&#8221;0.70&#8243; video_opacity_overlay=&#8221;0.70&#8243;][vc_column width=&#8221;1\/3&#8243;][az_box_icon icons_select=&#8221;icon_only&#8221; icon_mode=&#8221;yes-icon&#8221; icon_type=&#8221;az_linecons&#8221; icon_az_linecons=&#8221;lineicons-note&#8221; title=&#8221;K\u1ebft qu\u1ea3 mong \u0111\u1ee3i 1&#8243; animation_loading=&#8221;yes&#8221; icon=&#8221;lineicons-eye&#8221; animation_delay=&#8221;150&#8243;]Nguy\u00ean t\u1eafc ho\u1ea1t \u0111\u1ed9ng c\u1ed1t l\u00f5i (COP), ho\u1ea1t \u0111\u1ed9ng nghi\u00ean c\u1ee9u (RF), k\u1ebf ho\u1ea1ch chuy\u1ec3n ti\u1ebfp v\u00e0 ph\u00e1t tri\u1ec3n m\u00f4 h\u00ecnh th\u1ecfa thu\u1eadn[\/az_box_icon][az_box_icon icons_select=&#8221;icon_only&#8221; icon_mode=&#8221;yes-icon&#8221; icon_type=&#8221;az_linecons&#8221; icon_az_linecons=&#8221;lineicons-display&#8221; title=&#8221;K\u1ebft qu\u1ea3 mong \u0111\u1ee3i 4&#8243; animation_loading=&#8221;yes&#8221; icon=&#8221;lineicons-params&#8221; animation_delay=&#8221;150&#8243;]Ph\u00e1t tri\u1ec3n ch\u01b0\u01a1ng tr\u00ecnh INTENSE gi\u00e1o d\u1ee5c m\u1edf[\/az_box_icon][\/vc_column][vc_column width=&#8221;1\/3&#8243;][az_box_icon icons_select=&#8221;icon_only&#8221; icon_mode=&#8221;yes-icon&#8221; icon_type=&#8221;az_linecons&#8221; icon_az_linecons=&#8221;lineicons-study&#8221; title=&#8221;K\u1ebft qu\u1ea3 mong \u0111\u1ee3i 2&#8243; animation_loading=&#8221;yes&#8221; icon=&#8221;lineicons-camera&#8221; animation_delay=&#8221;250&#8243;]\u0110\u01b0a ra c\u00e1c \u0111\u00f3ng g\u00f3p cho vi\u1ec7c ki\u1ec3m \u0111\u1ecbnh ch\u1ea5t l\u01b0\u1ee3ng ch\u01b0\u01a1ng tr\u00ecnh \u0111\u00e0o t\u1ea1o ti\u1ebfn s\u1ef9[\/az_box_icon][az_box_icon icons_select=&#8221;icon_only&#8221; icon_mode=&#8221;yes-icon&#8221; icon_type=&#8221;az_linecons&#8221; icon_az_linecons=&#8221;lineicons-cloud&#8221; title=&#8221;K\u1ebft qu\u1ea3 mong \u0111\u1ee3i 5&#8243; animation_loading=&#8221;yes&#8221; icon=&#8221;lineicons-search&#8221; animation_delay=&#8221;250&#8243;]Ph\u00e1t tri\u1ec3n m\u00f4 \u0111un eLearning, MOOC v\u00e0 eScience. Ph\u00e1t tri\u1ec3n c\u00e1c kh\u00f3a trao \u0111\u1ed5i k\u1ef9 n\u0103ng v\u00e0 h\u1ecdc li\u1ec7u[\/az_box_icon][\/vc_column][vc_column width=&#8221;1\/3&#8243;][az_box_icon icons_select=&#8221;icon_only&#8221; icon_mode=&#8221;yes-icon&#8221; icon_type=&#8221;az_linecons&#8221; icon_az_linecons=&#8221;lineicons-world&#8221; title=&#8221;K\u1ebft qu\u1ea3 mong \u0111\u1ee3i 3&#8243; animation_loading=&#8221;yes&#8221; icon=&#8221;lineicons-settings&#8221; animation_delay=&#8221;350&#8243;]Thi\u1ebft l\u1eadp tr\u01b0\u1eddng INTENSE qu\u1ed1c gia v\u00e0 m\u1ea1ng l\u01b0\u1edbi INTENSE qu\u1ed1c t\u1ebf[\/az_box_icon][az_box_icon icons_select=&#8221;icon_only&#8221; icon_mode=&#8221;yes-icon&#8221; icon_type=&#8221;az_linecons&#8221; icon_az_linecons=&#8221;lineicons-calendar&#8221; title=&#8221;K\u1ebft qu\u1ea3 mong \u0111\u1ee3i 6&#8243; animation_loading=&#8221;yes&#8221; icon=&#8221;lineicons-paperplane&#8221; animation_delay=&#8221;350&#8243;]K\u1ebf ho\u1ea1ch ph\u00e1t tri\u1ec3n INTENSE bao g\u1ed3m m\u1edf r\u1ed9ng ph\u1ea1m vi v\u00e0 h\u00ecnh th\u1ee9c[\/az_box_icon][\/vc_column][\/vc_row][vc_row section_mode=&#8221;fluid&#8221; sectionoverlayopacity=&#8221;0.70&#8243; video_opacity_overlay=&#8221;0.70&#8243;][vc_column][az_portfolio_grid portfolio_columns_count=&#8221;3clm&#8221; portfolio_wall=&#8221;yes&#8221; animation_loading=&#8221;yes&#8221; portfolio_post_number=&#8221;6&#8243;][\/vc_column][\/vc_row][vc_row bgmode=&#8221;customimagebg&#8221; image=&#8221;50&#8243; bgposition=&#8221;center center&#8221; bgrepeat=&#8221;stretch&#8221; bgattachment=&#8221;fixed&#8221; section_overlay=&#8221;yes_overlay&#8221; padding=&#8221;large-padding&#8221; sectionoveralycolor=&#8221;#2abb9b&#8221; sectionoverlayopacity=&#8221;0.55&#8243; video_opacity_overlay=&#8221;0.70&#8243;][vc_column width=&#8221;1\/4&#8243;][az_count_number field_color=&#8221;custom&#8221; number_value_to=&#8221;4924&#8243; number_color=&#8221;custom&#8221; animation_loading=&#8221;yes&#8221; checkicon=&#8221;no_icon&#8221; icon=&#8221;font-icon-phone&#8221; number_field=&#8221;Staff \u0421osts: total number of working days&#8221; custom_field_color=&#8221;#ffffff&#8221; custom_number_color=&#8221;#ffffff&#8221; animation_delay=&#8221;150&#8243;][az_blank_divider height_value=&#8221;30&#8243; responsive_sm=&#8221;hidden-sm&#8221; responsive_xs=&#8221;hidden-xs&#8221;][\/vc_column][vc_column width=&#8221;1\/4&#8243;][az_count_number field_color=&#8221;custom&#8221; number_value_to=&#8221;147&#8243; number_color=&#8221;custom&#8221; animation_loading=&#8221;yes&#8221; checkicon=&#8221;no_icon&#8221; icon=&#8221;font-icon-phone&#8221; number_field=&#8221;Mobility \u0421osts: total number of trips&#8221; custom_field_color=&#8221;#ffffff&#8221; custom_number_color=&#8221;#ffffff&#8221; animation_delay=&#8221;250&#8243;][az_blank_divider height_value=&#8221;30&#8243; responsive_sm=&#8221;hidden-sm&#8221; responsive_xs=&#8221;hidden-xs&#8221;][\/vc_column][vc_column width=&#8221;1\/4&#8243;][az_count_number field_color=&#8221;custom&#8221; number_value_to=&#8221;82842&#8243; number_color=&#8221;custom&#8221; animation_loading=&#8221;yes&#8221; checkicon=&#8221;no_icon&#8221; icon=&#8221;font-icon-phone&#8221; number_field=&#8221;Equipment \u0421osts: network and office equipment, portable computer sets, software) &#8211; total cost EUR&#8221; custom_field_color=&#8221;#ffffff&#8221; custom_number_color=&#8221;#ffffff&#8221; animation_delay=&#8221;350&#8243;][az_blank_divider height_value=&#8221;30&#8243; responsive_sm=&#8221;hidden-sm&#8221; responsive_xs=&#8221;hidden-xs&#8221;][\/vc_column][vc_column width=&#8221;1\/4&#8243;][az_count_number field_color=&#8221;custom&#8221; number_value_to=&#8221;82200&#8243; number_color=&#8221;custom&#8221; animation_loading=&#8221;yes&#8221; checkicon=&#8221;no_icon&#8221; icon=&#8221;font-icon-phone&#8221; number_field=&#8221;Sub-\u0421ontracting: audit, peer-review of e-courses, development and promotion, etc. &#8211; total cost EUR&#8221; custom_field_color=&#8221;#ffffff&#8221; custom_number_color=&#8221;#ffffff&#8221; animation_delay=&#8221;450&#8243;][\/vc_column][\/vc_row][vc_row bgmode=&#8221;custom&#8221; padding=&#8221;large-padding&#8221; sectionoverlayopacity=&#8221;0.70&#8243; custombgcolor=&#8221;#ffffff&#8221; video_opacity_overlay=&#8221;0.70&#8243;][vc_column width=&#8221;1\/2&#8243;][az_box_icon icons_select=&#8221;icon_circle&#8221; icon_mode=&#8221;yes-icon&#8221; icon_azfont=&#8221;font-icon-pencil&#8221; position=&#8221;right&#8221; title=&#8221;Work Packages&#8221; animation_loading=&#8221;yes&#8221; animation_loading_effects=&#8221;move_left&#8221; icon=&#8221;font-icon-compass&#8221; animation_delay=&#8221;150&#8243;]WP1. PREPARATION OF INTENSE DEVELOPMENT AND EXPLOITATION ACTIVITIES<\/p>\n<p>WP2. DEVELOPMENT OF THE INTENSE INSTITUTIONAL INFRASTRUCTURE<\/p>\n<p>WP3. DEVELOPMENT OF LEARNING INFRASTRUCTURE AND CONTENTS<\/p>\n<p>WP4. QUALITY ASSURANCE AND MONITORING<\/p>\n<p>WP5. INTENSE DISSEMINATION AND EXPLOITATION<\/p>\n<p>WP6. INTENSE MANAGEMENT[\/az_box_icon][az_blank_divider height_value=&#8221;30&#8243; responsive_lg=&#8221;hidden-lg&#8221; responsive_md=&#8221;hidden-md&#8221;][\/vc_column][vc_column width=&#8221;1\/2&#8243;][az_column_text]\n<h4>Ho\u1ea1t \u0111\u1ed9ng:<\/h4>\n<p>1.1 Ti\u1ebfn h\u00e0nh kh\u1ea3o s\u00e1t chuy\u00ean s\u00e2u v\u1edbi c\u00e1c c\u01a1 s\u1edf \u0111ang ti\u1ebfn h\u00e0nh \u0111\u00e0o t\u1ea1o v\u00e0 c\u00e1c quy \u0111\u1ecbnh hi\u1ec7n h\u00e0nh<br \/>\n1.2 X\u00e2y d\u1ef1ng \u0111i\u1ec1u kho\u1ea3n cho vi\u1ec7c ph\u00e1t tri\u1ec3n gi\u1ea3ng d\u1ea1y v\u00e0 c\u01a1 s\u1edf v\u1eadt ch\u1ea5t<br \/>\n2.1 Ph\u00e1t tri\u1ec3n c\u00e1c nguy\u00ean t\u1eafc ho\u1ea1t \u0111\u1ed9ng c\u1ed1t l\u00f5i, ch\u01b0\u01a1ng tr\u00ecnh nghi\u00ean c\u1ee9u v\u00e0 chuy\u1ec3n ti\u1ebfp<br \/>\n2.3 X\u00e2y d\u1ef1ng tr\u01b0\u1eddng INTENSE qu\u1ed1c gia v\u00e0 m\u1ea1ng l\u01b0\u1edbi INTENSE qu\u1ed1c t\u1ebf<br \/>\n3.1 Ph\u00e1t tri\u1ec3n ch\u01b0\u01a1ng tr\u00ecnh gi\u00e1o d\u1ee5c INTENSE m\u1edf<br \/>\n3.2 Ph\u00e1t tri\u1ec3n c\u00e1c m\u00f4 \u0111un \u0111\u00e0o t\u1ea1o eLearning v\u00e0 MOOC<br \/>\n3.3 Ph\u00e1t tri\u1ec3n c\u00e1c m\u00f4 \u0111un \u0111\u00e0o t\u1ea1o eScience<br \/>\n3.4 Ph\u00e1t tri\u1ec3n c\u00e1c kh\u00f3a h\u1ecdc trao \u0111\u1ed5i k\u1ef9 n\u0103ng v\u00e0 h\u1ecdc li\u1ec7u<br \/>\n4.2 \u0110\u00e1nh gi\u00e1 ch\u1ea5t l\u01b0\u1ee3ng v\u00e0 \u0111\u00e1nh gi\u00e1 k\u1ebft qu\u1ea3 ch\u01b0\u01a1ng tr\u00ecnh<br \/>\n5.1 Thi\u1ebft l\u1eadp v\u00e0 duy tr\u00ec h\u1ec7 th\u1ed1ng trang web INTENSE<br \/>\n5.3 T\u1ed5 ch\u1ee9c m\u1ea1ng l\u01b0\u1edbi, th\u1ef1c t\u1eadp, s\u1ef1 ki\u1ec7n<br \/>\n6.2 Ti\u1ebfn h\u00e0nh x\u00e2y d\u1ef1ng h\u1ec7 th\u1ed1ng qu\u1ea3n l\u00fd INTENSE<br \/>\n6.3 Qu\u1ea3n l\u00fd v\u1eadn h\u00e0nh v\u00e0 t\u00e0i ch\u00ednh ch\u01b0\u01a1ng tr\u00ecnh[\/az_column_text][\/vc_column][\/vc_row][vc_row section_mode=&#8221;full-screen&#8221; bgmode=&#8221;video&#8221; customvideoembed=&#8221;JTNDaWZyYW1lJTIwd2lkdGglM0QlMjI1NjAlMjIlMjBoZWlnaHQlM0QlMjIzMTUlMjIlMjBzcmMlM0QlMjJodHRwcyUzQSUyRiUyRnd3dy55b3V0dWJlLmNvbSUyRmVtYmVkJTJGVUhJdUczNWZVeEElMjIlMjB0aXRsZSUzRCUyMllvdVR1YmUlMjB2aWRlbyUyMHBsYXllciUyMiUyMGZyYW1lYm9yZGVyJTNEJTIyMCUyMiUyMGFsbG93JTNEJTIyYWNjZWxlcm9tZXRlciUzQiUyMGF1dG9wbGF5JTNCJTIwY2xpcGJvYXJkLXdyaXRlJTNCJTIwZW5jcnlwdGVkLW1lZGlhJTNCJTIwZ3lyb3Njb3BlJTNCJTIwcGljdHVyZS1pbi1waWN0dXJlJTIyJTIwYWxsb3dmdWxsc2NyZWVuJTNFJTNDJTJGaWZyYW1lJTNF&#8221; sectionoverlayopacity=&#8221;0.70&#8243; video_opacity_overlay=&#8221;0.70&#8243;][vc_column][\/vc_column][\/vc_row][vc_row bgmode=&#8221;custom&#8221; padding=&#8221;large-padding&#8221; sectionoverlayopacity=&#8221;0.70&#8243; custombgcolor=&#8221;#23282f&#8221; video_opacity_overlay=&#8221;0.70&#8243;][vc_column][az_call_action content_call_action=&#8221;Q29udGFjdCUyMFVz&#8221; call_action_color=&#8221;custom&#8221; buttonlabel=&#8221;See More&#8221; buttonlink=&#8221;http:\/\/intense.network\/contact\/&#8221; buttoncolor=&#8221;custom&#8221; inverted=&#8221;yes&#8221; custom_call_action_color=&#8221;#ffffff&#8221; custombuttoncolor=&#8221;#ffffff&#8221; custombuttontextcolor=&#8221;#ffffff&#8221; custombuttontexthovercolor=&#8221;#23282f&#8221;][\/vc_column][\/vc_row][vc_row][vc_column][az_team_grid][\/vc_column][\/vc_row][vc_row][vc_column][az_column_text]\n<p style=\"text-align: center;\"><a href=\"http:\/\/intense.network\/wp-content\/uploads\/2016\/06\/logo-ce-horizontal-en-quadri.png\"><img loading=\"lazy\" decoding=\"async\" class=\"size-medium wp-image-2118 aligncenter\" src=\"http:\/\/intense.network\/wp-content\/uploads\/2016\/06\/logo-ce-horizontal-en-quadri-300x79.png\" alt=\"\" width=\"300\" height=\"79\" srcset=\"http:\/\/intense.network\/wp-content\/uploads\/2016\/06\/logo-ce-horizontal-en-quadri-300x79.png 300w, http:\/\/intense.network\/wp-content\/uploads\/2016\/06\/logo-ce-horizontal-en-quadri-768x203.png 768w, http:\/\/intense.network\/wp-content\/uploads\/2016\/06\/logo-ce-horizontal-en-quadri-1024x270.png 1024w, http:\/\/intense.network\/wp-content\/uploads\/2016\/06\/logo-ce-horizontal-en-quadri-578x153.png 578w, http:\/\/intense.network\/wp-content\/uploads\/2016\/06\/logo-ce-horizontal-en-quadri-500x132.png 500w, http:\/\/intense.network\/wp-content\/uploads\/2016\/06\/logo-ce-horizontal-en-quadri.png 1042w\" sizes=\"(max-width: 300px) 100vw, 300px\" \/><\/a><\/p>\n<p style=\"text-align: center;\">The European Commission support for the production of this publication does not constitute an endorsement of the contents which reflects the views only of the authors, and the Commission cannot be held responsible for any use which may be made of the information contained therein<\/p>\n[\/az_column_text][\/vc_column][\/vc_row][vc_row][vc_column][az_blank_divider][\/vc_column][\/vc_row][vc_row][vc_column][az_portfolio_grid portfolio_layout=&#8221;striped-portfolio&#8221; portfolio_colorize=&#8221;yes&#8221; portfolio_post_number=&#8221;10&#8243;][\/vc_column][\/vc_row]\n<\/div>","protected":false},"excerpt":{"rendered":"<p>[vc_row section_mode=&#8221;fluid&#8221; sectionoverlayopacity=&#8221;0.70&#8243; video_opacity_overlay=&#8221;0.70&#8243;][vc_column][rev_slider_vc alias=&#8221;home-full-screen&#8221;][\/vc_column][\/vc_row][vc_row padding=&#8221;default-padding&#8221;][vc_column width=&#8221;2\/3&#8243;][az_latest_posts post_columns_count=&#8221;3clm&#8221; post_number=&#8221;6&#8243;][az_buttons buttonlabel=&#8221;T\u1ea5t c\u1ea3 tin t\u1ee9c&#8221; buttonlink=&#8221;\/vi\/tin-tuc\/&#8221;][\/vc_column][vc_column width=&#8221;1\/3&#8243;][az_column_text] CH\u01af\u01a0NG TR\u00ccNH TI\u1ebeN S\u1ef8 T\u00cdCH H\u1ee2P V\u1ec0 CH\u00cdNH S\u00c1CH, C\u00d4NG NGH\u1ec6 V\u00c0 QU\u1ea2N L\u00dd M\u00d4I TR\u01af\u1edcNG INTENSE 586471-EPP-1-2017-1-EE-EPPKA2-CBHE-JP Ch\u01b0\u01a1ng tr\u00ecnh h\u01b0\u1edbng \u0111\u1ebfn gi\u1ea3i quy\u1ebft c\u00e1c v\u1ea5n \u0111\u1ec1 m\u00f4i tr\u01b0\u1eddng t\u1ea1i M\u00f4ng c\u1ed5, Ukraina v\u00e0 Vi\u1ec7t Nam, do c\u00e1c v\u1ea5n \u0111\u1ec1 [&hellip;]<\/p>\n","protected":false},"author":1,"featured_media":0,"parent":0,"menu_order":0,"comment_status":"closed","ping_status":"closed","template":"","meta":{"footnotes":"","_wp_rev_ctl_limit":""},"_links":{"self":[{"href":"http:\/\/intense.network\/vi\/wp-json\/wp\/v2\/pages\/3040"}],"collection":[{"href":"http:\/\/intense.network\/vi\/wp-json\/wp\/v2\/pages"}],"about":[{"href":"http:\/\/intense.network\/vi\/wp-json\/wp\/v2\/types\/page"}],"author":[{"embeddable":true,"href":"http:\/\/intense.network\/vi\/wp-json\/wp\/v2\/users\/1"}],"replies":[{"embeddable":true,"href":"http:\/\/intense.network\/vi\/wp-json\/wp\/v2\/comments?post=3040"}],"version-history":[{"count":11,"href":"http:\/\/intense.network\/vi\/wp-json\/wp\/v2\/pages\/3040\/revisions"}],"predecessor-version":[{"id":12913,"href":"http:\/\/intense.network\/vi\/wp-json\/wp\/v2\/pages\/3040\/revisions\/12913"}],"wp:attachment":[{"href":"http:\/\/intense.network\/vi\/wp-json\/wp\/v2\/media?parent=3040"}],"curies":[{"name":"wp","href":"https:\/\/api.w.org\/{rel}","templated":true}]}}