{"id":3184,"date":"2019-04-07T09:53:10","date_gmt":"2019-04-07T07:53:10","guid":{"rendered":"http:\/\/intense.network\/?page_id=3184"},"modified":"2019-04-07T09:53:10","modified_gmt":"2019-04-07T07:53:10","slug":"muc-tieu","status":"publish","type":"page","link":"http:\/\/intense.network\/vi\/du-an\/muc-tieu\/","title":{"rendered":"M\u1ee5c ti\u00eau"},"content":{"rendered":"<div id=\"main\" class=\"header-normal-enabled no-transparent-enabled\" style=\"padding: 90px;\">\n<div id=\"content\">\n<section class=\"wrap_content\">\n<h1><strong>M\u1ee5c ti\u00eau c\u1ee5 th\u1ec3:<\/strong><\/h1>\n<p>&nbsp;<\/p>\n<ol>\n<li>Li\u00ean k\u1ebft ch\u01b0\u01a1ng tr\u00ecnh ti\u1ebfn s\u0129 li\u00ean quan \u0111\u1ebfn l\u0129nh v\u1ef1c m\u00f4i tr\u01b0\u1eddng t\u1ea1i 7 tr\u01b0\u1eddng th\u00e0nh vi\u00ean v\u1edbi 3 tr\u01b0\u1eddng INTENSE qu\u1ed1c gia, th\u00e0nh l\u1eadp m\u1ea1ng l\u01b0\u1edbi qu\u1ed1c t\u1ebf gi\u1eefa c\u00e1c th\u00e0nh vi\u00ean INTENSE;<\/li>\n<li>T\u0103ng c\u01b0\u1eddng n\u0103ng l\u1ef1c c\u1ee7a tr\u01b0\u1eddng INTENSE v\u1edbi vi\u1ec7c h\u1ecdc h\u1ecfi s\u00e1ng t\u1ea1o, x\u00e2y d\u1ef1ng h\u1ec7 th\u1ed1ng qu\u1ea3n l\u00fd h\u01b0\u1edbng \u0111\u1ebfn ph\u00e1t tri\u1ec3n xa h\u01a1n v\u00e0 b\u1ec1n v\u1eefng<\/li>\n<\/ol>\n<\/section>\n<\/div>\n<\/div>\n","protected":false},"excerpt":{"rendered":"<p>M\u1ee5c ti\u00eau c\u1ee5 th\u1ec3: &nbsp; Li\u00ean k\u1ebft ch\u01b0\u01a1ng tr\u00ecnh ti\u1ebfn s\u0129 li\u00ean quan \u0111\u1ebfn l\u0129nh v\u1ef1c m\u00f4i tr\u01b0\u1eddng t\u1ea1i 7 tr\u01b0\u1eddng th\u00e0nh vi\u00ean v\u1edbi 3 tr\u01b0\u1eddng INTENSE qu\u1ed1c gia, th\u00e0nh l\u1eadp m\u1ea1ng l\u01b0\u1edbi qu\u1ed1c t\u1ebf gi\u1eefa c\u00e1c th\u00e0nh vi\u00ean INTENSE; T\u0103ng c\u01b0\u1eddng n\u0103ng l\u1ef1c c\u1ee7a tr\u01b0\u1eddng INTENSE v\u1edbi vi\u1ec7c h\u1ecdc h\u1ecfi s\u00e1ng t\u1ea1o, x\u00e2y d\u1ef1ng [&hellip;]<\/p>\n","protected":false},"author":1,"featured_media":0,"parent":3175,"menu_order":0,"comment_status":"closed","ping_status":"closed","template":"","meta":{"footnotes":"","_wp_rev_ctl_limit":""},"_links":{"self":[{"href":"http:\/\/intense.network\/vi\/wp-json\/wp\/v2\/pages\/3184"}],"collection":[{"href":"http:\/\/intense.network\/vi\/wp-json\/wp\/v2\/pages"}],"about":[{"href":"http:\/\/intense.network\/vi\/wp-json\/wp\/v2\/types\/page"}],"author":[{"embeddable":true,"href":"http:\/\/intense.network\/vi\/wp-json\/wp\/v2\/users\/1"}],"replies":[{"embeddable":true,"href":"http:\/\/intense.network\/vi\/wp-json\/wp\/v2\/comments?post=3184"}],"version-history":[{"count":2,"href":"http:\/\/intense.network\/vi\/wp-json\/wp\/v2\/pages\/3184\/revisions"}],"predecessor-version":[{"id":3186,"href":"http:\/\/intense.network\/vi\/wp-json\/wp\/v2\/pages\/3184\/revisions\/3186"}],"up":[{"embeddable":true,"href":"http:\/\/intense.network\/vi\/wp-json\/wp\/v2\/pages\/3175"}],"wp:attachment":[{"href":"http:\/\/intense.network\/vi\/wp-json\/wp\/v2\/media?parent=3184"}],"curies":[{"name":"wp","href":"https:\/\/api.w.org\/{rel}","templated":true}]}}