{"id":3225,"date":"2019-04-07T09:56:16","date_gmt":"2019-04-07T07:56:16","guid":{"rendered":"http:\/\/intense.network\/?page_id=3225"},"modified":"2019-04-07T09:56:16","modified_gmt":"2019-04-07T07:56:16","slug":"danh-sach-thanh-vien","status":"publish","type":"page","link":"http:\/\/intense.network\/vi\/danh-sach-thanh-vien\/","title":{"rendered":"Danh s\u00e1ch th\u00e0nh vi\u00ean"},"content":{"rendered":"<p>&nbsp;<\/p>\n<style>\n.tbl_styled table, .tbl_styled th, .tbl_styled td {\n    border: 2px solid black;\n}\n.tbl_styled th, .tbl_styled td {\n    padding: 5px;\n    text-align: center;\n}\n<\/style>\n<p>&nbsp;<\/p>\n<h1 style=\"text-align: center;\">INTENSE Partnership<\/h1>\n<p><a href=\"http:\/\/intense.network\/wp-content\/uploads\/2016\/06\/Intense3-1024x604.png\"><img loading=\"lazy\" decoding=\"async\" class=\"aligncenter wp-image-2034\" src=\"http:\/\/intense.network\/wp-content\/uploads\/2016\/06\/Intense3-1024x604.png\" alt=\"\" width=\"582\" height=\"343\" srcset=\"http:\/\/intense.network\/wp-content\/uploads\/2016\/06\/Intense3-1024x604.png 1024w, http:\/\/intense.network\/wp-content\/uploads\/2016\/06\/Intense3-300x177.png 300w, http:\/\/intense.network\/wp-content\/uploads\/2016\/06\/Intense3-768x453.png 768w, http:\/\/intense.network\/wp-content\/uploads\/2016\/06\/Intense3-578x341.png 578w, http:\/\/intense.network\/wp-content\/uploads\/2016\/06\/Intense3-500x295.png 500w\" sizes=\"(max-width: 582px) 100vw, 582px\" \/><\/a><\/p>\n<p><a href=\"http:\/\/intense.network\/wp-content\/uploads\/2016\/06\/Intense-Map-02-1024x622.png\"><img loading=\"lazy\" decoding=\"async\" class=\"aligncenter size-large wp-image-1831\" src=\"http:\/\/intense.network\/wp-content\/uploads\/2016\/06\/Intense-Map-02-1024x622.png\" alt=\"\" width=\"1024\" height=\"622\" srcset=\"http:\/\/intense.network\/wp-content\/uploads\/2016\/06\/Intense-Map-02-1024x622.png 1024w, http:\/\/intense.network\/wp-content\/uploads\/2016\/06\/Intense-Map-02-300x182.png 300w, http:\/\/intense.network\/wp-content\/uploads\/2016\/06\/Intense-Map-02-768x467.png 768w, http:\/\/intense.network\/wp-content\/uploads\/2016\/06\/Intense-Map-02-578x351.png 578w, http:\/\/intense.network\/wp-content\/uploads\/2016\/06\/Intense-Map-02-500x304.png 500w, http:\/\/intense.network\/wp-content\/uploads\/2016\/06\/Intense-Map-02.png 1430w\" sizes=\"(max-width: 1024px) 100vw, 1024px\" \/><\/a><\/p>\n<p>&nbsp;<\/p>\n<div class=\"tbl_styled\">\n<table align=\"center\">\n<tbody>\n<tr>\n<td><a href=\"https:\/\/www.emu.ee\/en\/\"><img decoding=\"async\" class=\"aligncenter\" src=\"http:\/\/intense.network\/wp-content\/uploads\/2016\/06\/Intense-logos-12.png\" alt=\"OSENU\" \/><\/a><\/td>\n<td style=\"text-align: center;\"><a href=\"http:\/\/intense.network\/estonian-university-of-life-sciences\/\">Estonian Life Science University (EMU), Tartu, Estonia<\/a><\/td>\n<\/tr>\n<tr>\n<td><a href=\"https:\/\/www.boku.ac.at\/en\/\"><img decoding=\"async\" class=\"aligncenter\" src=\"http:\/\/intense.network\/wp-content\/uploads\/2016\/06\/Intense-logos-13.png\" alt=\"Logo\" \/><\/a><\/td>\n<td style=\"text-align: center;\"><a href=\"http:\/\/intense.network\/university-of-natural-resources-and-life-sciences-vienna\/\">University of Natural Resources and Life Sciences (BOKU), Vienna, Austria<\/a><\/td>\n<\/tr>\n<tr>\n<td><a href=\"https:\/\/lnu.se\/en\/\"><img decoding=\"async\" class=\"aligncenter\" src=\"http:\/\/intense.network\/wp-content\/uploads\/2016\/06\/Intense-logos-14.png\" alt=\"Logo\" \/><\/a><\/td>\n<td style=\"text-align: center;\"><a href=\"http:\/\/intense.network\/university-of-latvia\/\">University of Latvia (LNU), Riga, Latvia<\/a><\/td>\n<\/tr>\n<tr>\n<td><a href=\"http:\/\/erda-rte.eu\/\"><img decoding=\"async\" class=\"aligncenter\" src=\"http:\/\/intense.network\/wp-content\/uploads\/2016\/06\/Intense-logos-15.png\" alt=\"OSENU\" \/><\/a><\/td>\n<td style=\"text-align: center;\"><a href=\"http:\/\/intense.network\/erda-research-technology-education-the-netherlands\/\">Erda Research Technology Education, Rijswijk, the Netherlands<\/a><\/td>\n<\/tr>\n<tr>\n<td><a href=\"https:\/\/www.rzgroup.co.uk\/\"><img decoding=\"async\" class=\"aligncenter\" src=\"http:\/\/intense.network\/wp-content\/uploads\/2016\/06\/Intense-logos-16.png\" alt=\"Logo\" \/><\/a><\/td>\n<td style=\"text-align: center;\"><a href=\"http:\/\/intense.network\/rz-research-management-communication-company-rz-lund-sweden\/\">&#8216;RZ. Research. Management. Communication&#8217; Company (RZ), Lund, Sweden<\/a><\/td>\n<\/tr>\n<tr>\n<td><a href=\"http:\/\/www.num.edu.mn\/en\/\"><img decoding=\"async\" class=\"aligncenter\" src=\"http:\/\/intense.network\/wp-content\/uploads\/2016\/06\/Intense-logos-08.png\" alt=\"OSENU\" \/><\/a><\/td>\n<td style=\"text-align: center;\"><a href=\"http:\/\/intense.network\/national-university-of-mongolia\/\">National University of Mongolia (NUM), Ulaanbaatar, Mongolia<\/a><\/td>\n<\/tr>\n<tr>\n<td><a href=\"http:\/\/www.khu.edu.mn\/en\/\"><img decoding=\"async\" class=\"aligncenter\" src=\"http:\/\/intense.network\/wp-content\/uploads\/2016\/06\/Intense-logos-09.png\" alt=\"Logo\" \/><\/a><\/td>\n<td style=\"text-align: center;\"><a href=\"http:\/\/intense.network\/khovd-university\/\">Khovd University (KHU), Khovd, Mongolia<\/a><\/td>\n<\/tr>\n<tr>\n<td><a href=\"http:\/\/odeku.edu.ua\/\"><img decoding=\"async\" class=\"aligncenter\" src=\"http:\/\/intense.network\/wp-content\/uploads\/2016\/06\/Intense-logos-05.png\" alt=\"OSENU\" \/><\/a><\/td>\n<td style=\"text-align: center;\"><a href=\"http:\/\/intense.network\/odessa-state-environmental-university\/\">Odessa State Environmental University (OSENU), Odessa, Ukraine<\/a><\/td>\n<\/tr>\n<tr>\n<td><a href=\"http:\/\/www.univer.kharkov.ua\/\"><img decoding=\"async\" class=\"aligncenter\" src=\"http:\/\/intense.network\/wp-content\/uploads\/2016\/06\/Intense-logos-06.png\" alt=\"Logo\" \/><\/a><\/td>\n<td style=\"text-align: center;\"><a href=\"http:\/\/intense.network\/v-n-karazin-kharkiv-national-university\/\">Kharkiv V.N.Karazin National University (KKNU), Kharkiv, Ukraine<\/a><\/td>\n<\/tr>\n<tr>\n<td><a href=\"http:\/\/www1.nas.gov.ua\/en\/Structure\/dgb\/iec\/Pages\/default.aspx\"><img decoding=\"async\" class=\"aligncenter\" src=\"http:\/\/intense.network\/wp-content\/uploads\/2016\/06\/Intense-logos-07.png\" alt=\"Logo\" \/><\/a><\/td>\n<td style=\"text-align: center;\"><a href=\"http:\/\/intense.network\/institute-of-ecology-of-the-carpathians-of-the-national-academy-of-science-of-ukraine\/\">Institute for the Carpathians\u2019 Ecology of the Ukrainian Academy of Sciences (IECNASU), Lviv, Ukraine<\/a><\/td>\n<\/tr>\n<tr>\n<td><a href=\"https:\/\/en.hust.edu.vn\/home\"><img decoding=\"async\" class=\"aligncenter\" src=\"http:\/\/intense.network\/wp-content\/uploads\/2016\/06\/Intense-logos-10.png\" alt=\"OSENU\" \/><\/a><\/td>\n<td align=\"center\"><a href=\"http:\/\/intense.network\/hanoi-university-of-science-and-technology\/\">Hanoi University of Science and Technology (HUST), Hanoi, Vietnam<\/a><\/td>\n<\/tr>\n<tr>\n<td><a href=\"http:\/\/www.hcmunre.edu.vn\/hcmunre\/trang-chu\/index\"><img decoding=\"async\" class=\"aligncenter\" src=\"http:\/\/intense.network\/wp-content\/uploads\/2016\/06\/Intense-logos-11.png\" alt=\"Logo\" \/><\/a><\/td>\n<td><a href=\"http:\/\/intense.network\/ho-chi-minh-city-university-of-natural-resources-and-environment\/\">Ho Chi Minh City University of Natural Resources and Environment (HCMUNRE), Ho Chi Minh, Vietnam<\/a><\/td>\n<\/tr>\n<\/tbody>\n<\/table>\n<\/div>\n<h4><\/h4>\n<p>&nbsp;<\/p>\n<p>&nbsp;<\/p>\n<p>&nbsp;<\/p>\n","protected":false},"excerpt":{"rendered":"<p>&nbsp; &nbsp; INTENSE Partnership &nbsp; Estonian Life Science University (EMU), Tartu, Estonia University of Natural Resources and Life Sciences (BOKU), Vienna, Austria University of Latvia (LNU), Riga, Latvia Erda Research Technology Education, Rijswijk, the Netherlands &#8216;RZ. Research. Management. Communication&#8217; Company (RZ), Lund, Sweden National University of Mongolia (NUM), Ulaanbaatar, Mongolia Khovd University (KHU), Khovd, Mongolia [&hellip;]<\/p>\n","protected":false},"author":1,"featured_media":0,"parent":0,"menu_order":0,"comment_status":"closed","ping_status":"closed","template":"","meta":{"footnotes":"","_wp_rev_ctl_limit":""},"_links":{"self":[{"href":"http:\/\/intense.network\/vi\/wp-json\/wp\/v2\/pages\/3225"}],"collection":[{"href":"http:\/\/intense.network\/vi\/wp-json\/wp\/v2\/pages"}],"about":[{"href":"http:\/\/intense.network\/vi\/wp-json\/wp\/v2\/types\/page"}],"author":[{"embeddable":true,"href":"http:\/\/intense.network\/vi\/wp-json\/wp\/v2\/users\/1"}],"replies":[{"embeddable":true,"href":"http:\/\/intense.network\/vi\/wp-json\/wp\/v2\/comments?post=3225"}],"version-history":[{"count":2,"href":"http:\/\/intense.network\/vi\/wp-json\/wp\/v2\/pages\/3225\/revisions"}],"predecessor-version":[{"id":3260,"href":"http:\/\/intense.network\/vi\/wp-json\/wp\/v2\/pages\/3225\/revisions\/3260"}],"wp:attachment":[{"href":"http:\/\/intense.network\/vi\/wp-json\/wp\/v2\/media?parent=3225"}],"curies":[{"name":"wp","href":"https:\/\/api.w.org\/{rel}","templated":true}]}}